{"id":10,"date":"2023-02-07T13:19:05","date_gmt":"2023-02-07T05:19:05","guid":{"rendered":"https:\/\/hfpanri.com\/?page_id=10"},"modified":"2023-03-08T17:38:47","modified_gmt":"2023-03-08T09:38:47","slug":"sobre-nosotros","status":"publish","type":"page","link":"https:\/\/www.hfpanri.com\/es\/sobre-nosotros\/","title":{"rendered":"sobre nosotros"},"content":{"rendered":"<h3>Hefei Panri Construction Machinery Trading Co., Ltd. est\u00e1 ubicada en la hermosa ciudad de Hefei, la capital de la provincia de Anhui. Tambi\u00e9n es el lugar de nacimiento de la primera excavadora en China (las excavadoras de la serie de la marca Hekuang producidas por la f\u00e1brica de maquinaria minera Hefei original). Hitachi Construction Machinery Co., Ltd. F\u00e1brica de China tambi\u00e9n ubicada en Hefei.<\/h3>\n<h3>La empresa se estableci\u00f3 en 1995. Hefei Panri Construction Machinery Trading Co., Ltd. comenz\u00f3 a partir del negocio principal de la marca Heming WY60, accesorios para excavadoras WY80 y excavadoras rusas modificadas. Ahora ha desarrollado m\u00e1s negocios de accesorios de excavadoras de marca, Sany, Carter, Komatsu, Hyundai, Doosan y otras piezas de excavadoras y piezas de mantenimiento de aceite.<\/h3>\n<h3>En 2022, para un mejor desarrollo, la empresa solicit\u00f3 la certificaci\u00f3n de importaci\u00f3n y exportaci\u00f3n para abrir mercados en el extranjero para clientes globales. Desde 2002, despu\u00e9s de 20 a\u00f1os de desarrollo, la empresa tiene una cierta escala y fuerza, y ha logrado una facturaci\u00f3n anual de 110 millones de yuanes, y tambi\u00e9n ha acumulado una rica experiencia profesional y una buena reputaci\u00f3n en la industria. Piezas de repuesto OEM para excavadoras de gama alta.<\/h3>\n<h3>Adhi\u00e9rase a la producci\u00f3n de productos de gama media y alta, y tome la ruta de desarrollo de marcas de gama alta. Contin\u00fae mejorando el estado de la industria, expanda la red de mercadeo y brinde productos de alta calidad y buenos servicios a clientes globales. El prop\u00f3sito de la compa\u00f1\u00eda es permitir que los clientes compren los productos y servicios m\u00e1s rentables.<\/h3>","protected":false},"excerpt":{"rendered":"<p>Hefei Panri Construction Machinery Trading Co., Ltd. is located in the beautiful city of Hefei, the capital of Anhui Province. It is also the birthplace of the first excavator in China (the Hekuang brand series excavators produced by the original Hefei Mining Machinery Factory). Hitachi Construction Machinery Co., Ltd. China Factory also Located in Hefei. [&hellip;]<\/p>","protected":false},"author":1,"featured_media":0,"parent":0,"menu_order":0,"comment_status":"closed","ping_status":"closed","template":"page\/about_us.php","meta":{"footnotes":""},"class_list":["post-10","page","type-page","status-publish","hentry"],"_links":{"self":[{"href":"https:\/\/www.hfpanri.com\/es\/wp-json\/wp\/v2\/pages\/10","targetHints":{"allow":["GET"]}}],"collection":[{"href":"https:\/\/www.hfpanri.com\/es\/wp-json\/wp\/v2\/pages"}],"about":[{"href":"https:\/\/www.hfpanri.com\/es\/wp-json\/wp\/v2\/types\/page"}],"author":[{"embeddable":true,"href":"https:\/\/www.hfpanri.com\/es\/wp-json\/wp\/v2\/users\/1"}],"replies":[{"embeddable":true,"href":"https:\/\/www.hfpanri.com\/es\/wp-json\/wp\/v2\/comments?post=10"}],"version-history":[{"count":3,"href":"https:\/\/www.hfpanri.com\/es\/wp-json\/wp\/v2\/pages\/10\/revisions"}],"predecessor-version":[{"id":543,"href":"https:\/\/www.hfpanri.com\/es\/wp-json\/wp\/v2\/pages\/10\/revisions\/543"}],"wp:attachment":[{"href":"https:\/\/www.hfpanri.com\/es\/wp-json\/wp\/v2\/media?parent=10"}],"curies":[{"name":"wp","href":"https:\/\/api.w.org\/{rel}","templated":true}]}}